{"id":1148,"date":"2021-06-17T15:48:59","date_gmt":"2021-06-17T15:48:59","guid":{"rendered":"https:\/\/vossman.com\/cookies-policy\/"},"modified":"2021-06-17T15:49:06","modified_gmt":"2021-06-17T15:49:06","slug":"cookies-policy","status":"publish","type":"page","link":"https:\/\/vossman.com\/en\/cookies-policy\/","title":{"rendered":"Cookies policy"},"content":{"rendered":"\n<p>Utilizamos cookies para facilitar el uso de nuestra p\u00e1gina web. Las cookies son peque\u00f1os ficheros de informaci\u00f3n que nos permiten comparar y entender c\u00f3mo nuestros usuarios navegan a trav\u00e9s de nuestra p\u00e1gina web, y de esta manera poder mejorar consecuentemente el proceso de navegaci\u00f3n. Las cookies que utilizamos no almacenan dato personal alguno, ni ning\u00fan tipo de informaci\u00f3n que pueda identificarle. En caso de no querer recibir cookies, por favor configure su navegador de Internet para que las borre del disco duro de su ordenador, las bloquee o le avise en caso de instalaci\u00f3n de las mismas. Para continuar sin cambios en la configuraci\u00f3n de las cookies, simplemente contin\u00fae en la p\u00e1gina web.<\/p>\n\n<p><strong>Tipos de cookies utilizadas<\/strong><\/p>\n\n<p>Google Analytics es la herramienta de anal\u00edtica que ayuda a los sitios web y a los propietarios de aplicaciones a entender el modo en que sus visitantes interact\u00faan con sus propiedades. Puede utilizar un conjunto de cookies para recopilar informaci\u00f3n e informar de las estad\u00edsticas de uso de los sitios web sin identificar personalmente a los visitantes de Google.<\/p>\n\n<p><strong>\u00bfC\u00f3mo administrar cookies en el navegador?<\/strong><\/p>\n\n<p>El usuario tiene la opci\u00f3n de permitir, bloquear o eliminar las cookies instaladas en su equipo mediante la configuraci\u00f3n de las opciones del navegador instalado en su terminal:<\/p>\n\n<p><strong>Para ajustar los permisos relacionados con las cookies en el navegador Google Chrome:<\/strong><\/p>\n\n<p>Hacer clic en el men\u00fa situado en la barra de herramientas.<br\/>Seleccionar Configuraci\u00f3n.<br\/>Hacer clic en Mostar opciones avanzadas.<br\/>En la secci\u00f3n \u2018Privacidad\u2019 hacer clic en el bot\u00f3n Configuraci\u00f3n de contenido.<br\/>En la secci\u00f3n de Cookies se pueden configurar las opciones.<\/p>\n\n<p><strong>Para ajustar los permisos relacionados con las cookies en el navegador Mozilla Firefox:<\/strong><\/p>\n\n<p>En la parte superior de la ventana de Firefox hacer clic en el men\u00fa Herramientas.<br\/>Seleccionar Opciones.<br\/>Seleccionar el panel Privacidad.<br\/>En la opci\u00f3n Firefox podr\u00e1 elegir Usar una configuraci\u00f3n personalizada para el historial para configurar las opciones.<\/p>\n\n<p><strong>Para ajustar los permisos relacionados con las cookies en el navegador Internet Explorer 9:<\/strong><\/p>\n\n<p>En la parte superior de la ventana de Internet Explorer hacer clic en el men\u00fa Herramientas.<br\/>Seleccionar la pesta\u00f1a de Seguridad y utilizar la opci\u00f3n Eliminar el historial de exploraci\u00f3n para eliminar las cookies. Activar la casilla Cookies y, a continuaci\u00f3n, hacer clic en Eliminar.<br\/>Seleccionar la pesta\u00f1a de Seguridad y acceder a Configuraci\u00f3n. Mover el control deslizante totalmente hacia arriba para bloquear todas las cookies o totalmente hacia abajo para permitir todas las cookies. Tras ello, hacer clic en Aceptar.<\/p>\n\n<p>En caso de bloquear el uso de cookies en su navegador es posible que algunos servicios o funcionalidades de la p\u00e1gina web no est\u00e9n disponibles.<\/p>\n\n<p>En algunos navegadores se pueden configurar reglas espec\u00edficas para administrar cookies por sitio web, lo que ofrece un control m\u00e1s preciso sobre la privacidad. Esto significa que se puede inhabilitar cookies de todos los sitios salvo de aquellos en los que se conf\u00ede.<\/p>\n\n<p>Si tienes un Mac y quieres permitir el acceso de nuestras cookies en tu ordenador, por favor sigue las siguientes instrucciones:<\/p>\n\n<p><strong>M\u00e1s informaci\u00f3n sobre Microsoft Internet Explorer 5.0 en OSX:<\/strong><\/p>\n\n<p>Entra en Explorer y selecciona Preferencias en la barra de navegaci\u00f3n.<br\/>Haz scroll hacia abajo hasta que veas cookies justo debajo de archivos recibidos.<br\/>Marca No volver a preguntar.<\/p>\n\n<p><strong>M\u00e1s informaci\u00f3n sobre Safari en OSX:<\/strong><\/p>\n\n<p>Entra en Safari y selecciona Preferencias en la barra de navegaci\u00f3n.<br\/>Pincha en la pesta\u00f1a de Seguridad y marca la opci\u00f3n Aceptar cookies.<br\/>Selecciona la opci\u00f3n: S\u00f3lo desde el site actual en que estoy navegando.<\/p>\n\n<p><strong>M\u00e1s informaci\u00f3n sobre Mozilla y Netscape en OSX:<\/strong><\/p>\n\n<p>Entra en Mozilla o Netscape y en la parte superior de tu navegador, marca la opci\u00f3n de Preferencias.<br\/>Haz scroll hacia abajo hasta que veas cookies justo debajo de Privacidad y Seguridad.<br\/>Marca la opci\u00f3n Permitir el acceso de cookies s\u00f3lo desde el site actual.<\/p>\n\n<p><strong>M\u00e1s informaci\u00f3n sobre Opera:<\/strong><\/p>\n\n<p>Entra en Opera y selecciona Men\u00fa y Ajustes en la barra de navegaci\u00f3n.<br\/>Selecciona Preferencias y pincha en la pesta\u00f1a de Avanzado.<br\/>Marca la opci\u00f3n Aceptar cookies.<\/p>\n","protected":false},"excerpt":{"rendered":"<p>Utilizamos cookies para facilitar el uso de nuestra p\u00e1gina web. Las cookies son peque\u00f1os ficheros de informaci\u00f3n que nos permiten comparar y entender c\u00f3mo nuestros usuarios<span class=\"excerpt-hellip\"> [\u2026]<\/span><\/p>\n","protected":false},"author":4,"featured_media":0,"parent":0,"menu_order":0,"comment_status":"closed","ping_status":"closed","template":"","meta":{"footnotes":""},"class_list":["post-1148","page","type-page","status-publish","hentry"],"yoast_head":"<!-- This site is optimized with the Yoast SEO plugin v26.9 - https:\/\/yoast.com\/product\/yoast-seo-wordpress\/ -->\n<title>Cookies policy - Vossman<\/title>\n<meta name=\"robots\" content=\"index, follow, max-snippet:-1, max-image-preview:large, max-video-preview:-1\" \/>\n<link rel=\"canonical\" href=\"https:\/\/vossman.com\/politica-de-cookies\/\" \/>\n<meta property=\"og:locale\" content=\"en_US\" \/>\n<meta property=\"og:type\" content=\"article\" \/>\n<meta property=\"og:title\" content=\"Cookies policy - Vossman\" \/>\n<meta property=\"og:description\" content=\"Utilizamos cookies para facilitar el uso de nuestra p\u00e1gina web. Las cookies son peque\u00f1os ficheros de informaci\u00f3n que nos permiten comparar y entender c\u00f3mo nuestros usuarios [\u2026]\" \/>\n<meta property=\"og:url\" content=\"https:\/\/vossman.com\/politica-de-cookies\/\" \/>\n<meta property=\"og:site_name\" content=\"Vossman\" \/>\n<meta property=\"article:modified_time\" content=\"2021-06-17T15:49:06+00:00\" \/>\n<meta name=\"twitter:card\" content=\"summary_large_image\" \/>\n<meta name=\"twitter:label1\" content=\"Est. reading time\" \/>\n\t<meta name=\"twitter:data1\" content=\"4 minutes\" \/>\n<script type=\"application\/ld+json\" class=\"yoast-schema-graph\">{\"@context\":\"https:\/\/schema.org\",\"@graph\":[{\"@type\":\"WebPage\",\"@id\":\"https:\/\/vossman.com\/politica-de-cookies\/\",\"url\":\"https:\/\/vossman.com\/politica-de-cookies\/\",\"name\":\"Cookies policy - Vossman\",\"isPartOf\":{\"@id\":\"https:\/\/vossman.com\/#website\"},\"datePublished\":\"2021-06-17T15:48:59+00:00\",\"dateModified\":\"2021-06-17T15:49:06+00:00\",\"breadcrumb\":{\"@id\":\"https:\/\/vossman.com\/politica-de-cookies\/#breadcrumb\"},\"inLanguage\":\"en-US\",\"potentialAction\":[{\"@type\":\"ReadAction\",\"target\":[\"https:\/\/vossman.com\/politica-de-cookies\/\"]}]},{\"@type\":\"BreadcrumbList\",\"@id\":\"https:\/\/vossman.com\/politica-de-cookies\/#breadcrumb\",\"itemListElement\":[{\"@type\":\"ListItem\",\"position\":1,\"name\":\"Portada\",\"item\":\"https:\/\/vossman.com\/\"},{\"@type\":\"ListItem\",\"position\":2,\"name\":\"Cookies policy\"}]},{\"@type\":\"WebSite\",\"@id\":\"https:\/\/vossman.com\/#website\",\"url\":\"https:\/\/vossman.com\/\",\"name\":\"Vossman\",\"description\":\"Radiofrecuencia de alta potencia\",\"potentialAction\":[{\"@type\":\"SearchAction\",\"target\":{\"@type\":\"EntryPoint\",\"urlTemplate\":\"https:\/\/vossman.com\/?s={search_term_string}\"},\"query-input\":{\"@type\":\"PropertyValueSpecification\",\"valueRequired\":true,\"valueName\":\"search_term_string\"}}],\"inLanguage\":\"en-US\"}]}<\/script>\n<!-- \/ Yoast SEO plugin. -->","yoast_head_json":{"title":"Cookies policy - Vossman","robots":{"index":"index","follow":"follow","max-snippet":"max-snippet:-1","max-image-preview":"max-image-preview:large","max-video-preview":"max-video-preview:-1"},"canonical":"https:\/\/vossman.com\/politica-de-cookies\/","og_locale":"en_US","og_type":"article","og_title":"Cookies policy - Vossman","og_description":"Utilizamos cookies para facilitar el uso de nuestra p\u00e1gina web. Las cookies son peque\u00f1os ficheros de informaci\u00f3n que nos permiten comparar y entender c\u00f3mo nuestros usuarios [\u2026]","og_url":"https:\/\/vossman.com\/politica-de-cookies\/","og_site_name":"Vossman","article_modified_time":"2021-06-17T15:49:06+00:00","twitter_card":"summary_large_image","twitter_misc":{"Est. reading time":"4 minutes"},"schema":{"@context":"https:\/\/schema.org","@graph":[{"@type":"WebPage","@id":"https:\/\/vossman.com\/politica-de-cookies\/","url":"https:\/\/vossman.com\/politica-de-cookies\/","name":"Cookies policy - Vossman","isPartOf":{"@id":"https:\/\/vossman.com\/#website"},"datePublished":"2021-06-17T15:48:59+00:00","dateModified":"2021-06-17T15:49:06+00:00","breadcrumb":{"@id":"https:\/\/vossman.com\/politica-de-cookies\/#breadcrumb"},"inLanguage":"en-US","potentialAction":[{"@type":"ReadAction","target":["https:\/\/vossman.com\/politica-de-cookies\/"]}]},{"@type":"BreadcrumbList","@id":"https:\/\/vossman.com\/politica-de-cookies\/#breadcrumb","itemListElement":[{"@type":"ListItem","position":1,"name":"Portada","item":"https:\/\/vossman.com\/"},{"@type":"ListItem","position":2,"name":"Cookies policy"}]},{"@type":"WebSite","@id":"https:\/\/vossman.com\/#website","url":"https:\/\/vossman.com\/","name":"Vossman","description":"Radiofrecuencia de alta potencia","potentialAction":[{"@type":"SearchAction","target":{"@type":"EntryPoint","urlTemplate":"https:\/\/vossman.com\/?s={search_term_string}"},"query-input":{"@type":"PropertyValueSpecification","valueRequired":true,"valueName":"search_term_string"}}],"inLanguage":"en-US"}]}},"_links":{"self":[{"href":"https:\/\/vossman.com\/en\/wp-json\/wp\/v2\/pages\/1148","targetHints":{"allow":["GET"]}}],"collection":[{"href":"https:\/\/vossman.com\/en\/wp-json\/wp\/v2\/pages"}],"about":[{"href":"https:\/\/vossman.com\/en\/wp-json\/wp\/v2\/types\/page"}],"author":[{"embeddable":true,"href":"https:\/\/vossman.com\/en\/wp-json\/wp\/v2\/users\/4"}],"replies":[{"embeddable":true,"href":"https:\/\/vossman.com\/en\/wp-json\/wp\/v2\/comments?post=1148"}],"version-history":[{"count":3,"href":"https:\/\/vossman.com\/en\/wp-json\/wp\/v2\/pages\/1148\/revisions"}],"predecessor-version":[{"id":1151,"href":"https:\/\/vossman.com\/en\/wp-json\/wp\/v2\/pages\/1148\/revisions\/1151"}],"wp:attachment":[{"href":"https:\/\/vossman.com\/en\/wp-json\/wp\/v2\/media?parent=1148"}],"curies":[{"name":"wp","href":"https:\/\/api.w.org\/{rel}","templated":true}]}}